{"id":7,"date":"2014-09-24T16:08:53","date_gmt":"2014-09-24T14:08:53","guid":{"rendered":"https:\/\/www.f3dm.de\/?page_id=7"},"modified":"2023-02-15T11:21:07","modified_gmt":"2023-02-15T09:21:07","slug":"service","status":"publish","type":"page","link":"https:\/\/www.f3dm.de\/en\/service\/","title":{"rendered":"Service"},"content":{"rendered":"\n<div class=\"wp-block-impuls-additional-containers-impulsbgcontainer  has-no-text-color has-light-gray-background-color has-background-color has-background-image\" style=\"background-image:url(https:\/\/www.f3dm.de\/wp-content\/uploads\/2018\/12\/linien_02.png)\"><div class=\"InnerContent\">\n<h1 class=\"wp-block-heading\">Services<\/h1>\n\n\n\n<div class=\"wp-block-columns has-2-columns is-layout-flex wp-container-core-columns-is-layout-9d6595d7 wp-block-columns-is-layout-flex\">\n<div class=\"wp-block-column is-layout-flow wp-block-column-is-layout-flow\">\n<p>Wir bieten Ihnen <a href=\"https:\/\/www.f3dm.de\/leistungen\/stationaere-messungen\/\">station\u00e4re Messtechnik<\/a> auf CNC-Koordinatenmessger\u00e4ten an, wie auch <a href=\"https:\/\/www.f3dm.de\/leistungen\/mobile-messungen\/\">mobile Messtechnik<\/a> mit unterschiedlichen Systemen. Wir verf\u00fcgen \u00fcber zahlreiche Ausf\u00fchrungen an <a href=\"https:\/\/www.f3dm.de\/technik\/mobil\/\">Messarmen<\/a> sowie <a href=\"https:\/\/www.f3dm.de\/technik\/mobil#lasertracker\">Laser Tracker<\/a>.<\/p>\n\n\n\n<p>Dar\u00fcber hinaus setzen wir auch diverse <a href=\"https:\/\/www.f3dm.de\/leistungen\/beruehrungslose-messungen\/\">optische<\/a>, also <a href=\"https:\/\/www.f3dm.de\/leistungen\/beruehrungslose-messungen\/\">ber\u00fchrungslose Messsysteme<\/a> in der station\u00e4ren wie auch in der <a href=\"https:\/\/www.f3dm.de\/leistungen\/mobile-messungen\/\">mobilen Messtechnik<\/a> ein. Dies beinhaltet unterschiedliche <a href=\"https:\/\/www.f3dm.de\/leistungen\/sensorische-messungen\/laser\/\">Lasermessverfahren<\/a>, die es uns erm\u00f6glichen auch in einem recht gro\u00dfen Radius (von \u00fcber 30m) zu agieren.<\/p>\n\n\n\n<p>Au\u00dferdem sind wir ebenfalls in der Lage <a href=\"https:\/\/www.f3dm.de\/leistungen\/sensorische-messungen\/roentgen\/\">zerst\u00f6rungsfreie Pr\u00fcfungen<\/a> mithilfe der <a href=\"https:\/\/www.f3dm.de\/leistungen\/beruehrungslose-messungen\/roentgen\/\">Computertomographie<\/a> sowie <a href=\"https:\/\/www.f3dm.de\/technik\/stationaer#rauheismessgereat\">Oberfl\u00e4chenpr\u00fcfungen<\/a> (Rauheit) durchzuf\u00fchren.<\/p>\n<\/div>\n\n\n\n<div class=\"wp-block-column is-layout-flow wp-block-column-is-layout-flow\">\n<p>Wir verf\u00fcgen \u00fcber eine eigene <a href=\"https:\/\/www.f3dm.de\/leistungen\/konstruktion\/\">Konstruktion<\/a> und bieten Entwicklungsarbeiten an, wie auch <a href=\"https:\/\/www.f3dm.de\/leistungen\/reverse-engineering\/\">Reverse Engineering<\/a> bzw.<a href=\"https:\/\/www.f3dm.de\/leistungen\/reverse-engineering\/\"> Fl\u00e4chenr\u00fcckf\u00fchrung<\/a>. Wir erstellen <a href=\"https:\/\/www.f3dm.de\/leistungen\/stationaere-messungen\/\">Erstmusterpr\u00fcfberichte (EMPB)<\/a> nach VDA, aber auch <a href=\"https:\/\/www.f3dm.de\/leistungen\/stationaere-messungen\/\">individuelle Messprotokolle<\/a> nach Ihren Vorgaben und W\u00fcnschen. Auch <a href=\"https:\/\/www.f3dm.de\/wp-content\/uploads\/2011\/04\/hase.png\" data-lbwps-width=\"525\" data-lbwps-height=\"452\" data-lbwps-srcsmall=\"https:\/\/www.f3dm.de\/wp-content\/uploads\/2011\/04\/hase-300x258.png\">Fehlfarbenvergleiche<\/a>, welche einen Soll-Ist-Vergleich optisch darstellen, bevorzugen zunehmend unsere Kunden.<\/p>\n\n\n\n<p>Verf\u00fcgen Sie \u00fcber eigene KMG, so unterst\u00fctzen wir Sie gerne und erstellen Messprogramme f\u00fcr Ihre Messger\u00e4te. Sei es f\u00fcr CNC-gesteuerte KMG oder auch manuell gef\u00fchrte Systeme.<\/p>\n\n\n\n<p>Seit einiger Zeit bieten wir \u00fcber all das hinaus, die Erstellung von <a href=\"https:\/\/www.f3dm.de\/leistungen\/lehren-und-vorrichtungsbau\/\">Lehren- und Vorrichtungen<\/a>. Sehen Sie dazu die <a href=\"https:\/\/www.f3dm.de\/leistungen\/lehren-und-vorrichtungsbau\/\">Leistungsbeschreibung<\/a> oder kontaktieren Sie uns direkt.<\/p>\n<\/div>\n<\/div>\n\n\n\n<p><\/p>\n<\/div><\/div>\n\n\n\n<div class=\"wp-block-impuls-additional-containers-impulsbgcontainer  has-no-text-color has-light-gray-background-color has-background-color has-background-image\" style=\"background-image:url(https:\/\/www.f3dm.de\/wp-content\/uploads\/2018\/12\/linien_01.png)\"><div class=\"InnerContent\">\n<h3 class=\"wp-block-heading\">Unsere Leistungen im \u00dcberblick<br><\/h3>\n\n\n<div class=\"leistungen_wrapper\"><div class=\"leistung\"><div class=\"leistung_img\" style=\"background: url(https:\/\/www.f3dm.de\/wp-content\/uploads\/2018\/12\/stationaere_messungen.jpg) no-repeat center \/ cover;\"><a href=\"https:\/\/www.f3dm.de\/en\/stationaere-messungen\/\" title=\"Station\u00e4re Messungen\"><i class=\"icon-arrow\"><\/i><\/a><\/div><div class=\"leistungen_text\"><h3><a href=\"https:\/\/www.f3dm.de\/en\/stationaere-messungen\/\" title=\"Station\u00e4re Messungen\">Station\u00e4re Messungen<\/a><\/h3>Je nach Beschaffenheit und Gr\u00f6\u00dfe des zu vermessenden Objektes, stehen verschiedene taktile sowie optische Koordinatenmessger\u00e4te (KMG) zur Verf\u00fcgung.<br \/><a href=\"https:\/\/www.f3dm.de\/en\/stationaere-messungen\/\" title=\"more \u2026\">more \u2026<\/a><\/div><\/div><div class=\"leistung\"><div class=\"leistung_img\" style=\"background: url(https:\/\/www.f3dm.de\/wp-content\/uploads\/2022\/11\/IMG_3040.jpg) no-repeat center \/ cover;\"><a href=\"https:\/\/www.f3dm.de\/en\/x-ray-tomography\/\" title=\"Computer tomography\"><i class=\"icon-arrow\"><\/i><\/a><\/div><div class=\"leistungen_text\"><h3><a href=\"https:\/\/www.f3dm.de\/en\/x-ray-tomography\/\" title=\"Computer tomography\">Computer tomography<\/a><\/h3>Interconnected and complex components or specific materials are measured by laser, X-rays or camera-assisted systems.<br \/><a href=\"https:\/\/www.f3dm.de\/en\/x-ray-tomography\/\" title=\"more \u2026\">more \u2026<\/a><\/div><\/div><div class=\"leistung\"><div class=\"leistung_img\" style=\"background: url(https:\/\/www.f3dm.de\/wp-content\/uploads\/2021\/03\/IMG_6083-Kopie.jpg) no-repeat center \/ cover;\"><a href=\"https:\/\/www.f3dm.de\/en\/mobil\/\" title=\"Mobile Messungen\"><i class=\"icon-arrow\"><\/i><\/a><\/div><div class=\"leistungen_text\"><h3><a href=\"https:\/\/www.f3dm.de\/en\/mobil\/\" title=\"Mobile Messungen\">Mobile Messungen<\/a><\/h3>Wir bringen unsere 3D-Messtechnik mit zu Ihnen in den Betrieb. F\u00fcr alles, was sich nicht transportieren l\u00e4sst.  Flexibel, schnell und pr\u00e4zise.<br \/><a href=\"https:\/\/www.f3dm.de\/en\/mobil\/\" title=\"more \u2026\">more \u2026<\/a><\/div><\/div><div class=\"leistung\"><div class=\"leistung_img\" style=\"background: url(https:\/\/www.f3dm.de\/wp-content\/uploads\/2022\/11\/Tasterkoffer_innen.jpg) no-repeat center \/ cover;\"><a href=\"https:\/\/www.f3dm.de\/en\/verkauf\/\" title=\"Shop\"><i class=\"icon-arrow\"><\/i><\/a><\/div><div class=\"leistungen_text\"><h3><a href=\"https:\/\/www.f3dm.de\/en\/verkauf\/\" title=\"Shop\">Shop<\/a><\/h3>In our shop you will find a small insight into our extensive range of coordinate measuring technology. In addition, we are your partner for measuring devices and accessories of the company FARO.\nZubeh\u00f6r der Firma FARO.<br \/><a href=\"https:\/\/www.f3dm.de\/en\/verkauf\/\" title=\"more \u2026\">more \u2026<\/a><\/div><\/div><div class=\"leistung\"><div class=\"leistung_img\" style=\"background: url(https:\/\/www.f3dm.de\/wp-content\/uploads\/2022\/11\/QuantumM_FaroArm_Production_Inspect1.jpg) no-repeat center \/ cover;\"><a href=\"https:\/\/www.f3dm.de\/en\/verleih\/\" title=\"Verleih\"><i class=\"icon-arrow\"><\/i><\/a><\/div><div class=\"leistungen_text\"><h3><a href=\"https:\/\/www.f3dm.de\/en\/verleih\/\" title=\"Verleih\">Verleih<\/a><\/h3>Sie m\u00f6chten selbst bei sich vor Ort vermessen,\nIhnen fehlt aber das entsprechende Equipment?\nKein Problem!\nMieten Sie doch einfach einen mobilen Messarm,\nScanarm oder Laser Tracker aus unserem umfangreichen Ger\u00e4tepark.<br \/><a href=\"https:\/\/www.f3dm.de\/en\/verleih\/\" title=\"more \u2026\">more \u2026<\/a><\/div><\/div><div class=\"leistung\"><div class=\"leistung_img\" style=\"background: url(https:\/\/www.f3dm.de\/wp-content\/uploads\/2017\/04\/6905foto.jpg) no-repeat center \/ cover;\"><a href=\"https:\/\/www.f3dm.de\/en\/konstruktion\/\" title=\"Construction\"><i class=\"icon-arrow\"><\/i><\/a><\/div><div class=\"leistungen_text\"><h3><a href=\"https:\/\/www.f3dm.de\/en\/konstruktion\/\" title=\"Construction\">Construction<\/a><\/h3>The design of new components as well as the post-design by recording and correcting the data are also part of our portfolio.<br \/><a href=\"https:\/\/www.f3dm.de\/en\/konstruktion\/\" title=\"more \u2026\">more \u2026<\/a><\/div><\/div><div class=\"leistung\"><div class=\"leistung_img\" style=\"background: url(https:\/\/www.f3dm.de\/wp-content\/uploads\/2018\/12\/reverse_engineering.jpg) no-repeat center \/ cover;\"><a href=\"https:\/\/www.f3dm.de\/en\/konstruktion\/reverse-engineering\/\" title=\"Reverse Engineering\"><i class=\"icon-arrow\"><\/i><\/a><\/div><div class=\"leistungen_text\"><h3><a href=\"https:\/\/www.f3dm.de\/en\/konstruktion\/reverse-engineering\/\" title=\"Reverse Engineering\">Reverse Engineering<\/a><\/h3>Bauteile oder Objekte aller Art, von denen keine Daten mehr vorhanden oder nie existent gewesen sind, lassen sich komplett rekonstruieren.<br \/><a href=\"https:\/\/www.f3dm.de\/en\/konstruktion\/reverse-engineering\/\" title=\"more \u2026\">more \u2026<\/a><\/div><\/div><div class=\"leistung\"><div class=\"leistung_img\" style=\"background: url() no-repeat center \/ cover;\"><a href=\"https:\/\/www.f3dm.de\/en\/konstruktion\/lehren-und-vorrichtungsbau\/\" title=\"Gauge and mould construction\"><i class=\"icon-arrow\"><\/i><\/a><\/div><div class=\"leistungen_text\"><h3><a href=\"https:\/\/www.f3dm.de\/en\/konstruktion\/lehren-und-vorrichtungsbau\/\" title=\"Gauge and mould construction\">Gauge and mould construction<\/a><\/h3><br \/><a href=\"https:\/\/www.f3dm.de\/en\/konstruktion\/lehren-und-vorrichtungsbau\/\" title=\"more \u2026\">more \u2026<\/a><\/div><\/div><\/div>\n<\/div><\/div>\n","protected":false},"excerpt":{"rendered":"","protected":false},"author":1,"featured_media":0,"parent":0,"menu_order":200,"comment_status":"closed","ping_status":"closed","template":"","meta":{"footnotes":""},"class_list":["post-7","page","type-page","status-publish","hentry"],"_links":{"self":[{"href":"https:\/\/www.f3dm.de\/en\/wp-json\/wp\/v2\/pages\/7","targetHints":{"allow":["GET"]}}],"collection":[{"href":"https:\/\/www.f3dm.de\/en\/wp-json\/wp\/v2\/pages"}],"about":[{"href":"https:\/\/www.f3dm.de\/en\/wp-json\/wp\/v2\/types\/page"}],"author":[{"embeddable":true,"href":"https:\/\/www.f3dm.de\/en\/wp-json\/wp\/v2\/users\/1"}],"replies":[{"embeddable":true,"href":"https:\/\/www.f3dm.de\/en\/wp-json\/wp\/v2\/comments?post=7"}],"version-history":[{"count":39,"href":"https:\/\/www.f3dm.de\/en\/wp-json\/wp\/v2\/pages\/7\/revisions"}],"predecessor-version":[{"id":1722,"href":"https:\/\/www.f3dm.de\/en\/wp-json\/wp\/v2\/pages\/7\/revisions\/1722"}],"wp:attachment":[{"href":"https:\/\/www.f3dm.de\/en\/wp-json\/wp\/v2\/media?parent=7"}],"curies":[{"name":"wp","href":"https:\/\/api.w.org\/{rel}","templated":true}]}}