{"id":66,"date":"2014-09-25T12:53:00","date_gmt":"2014-09-25T10:53:00","guid":{"rendered":"https:\/\/www.f3dm.de\/?page_id=66"},"modified":"2025-04-02T17:49:19","modified_gmt":"2025-04-02T15:49:19","slug":"stationaere-messungen","status":"publish","type":"page","link":"https:\/\/www.f3dm.de\/en\/stationaere-messungen\/","title":{"rendered":"Station\u00e4re Messungen"},"content":{"rendered":"\n<div class=\"wp-block-impuls-additional-containers-impulsbgcontainer  has-no-text-color has-light-gray-background-color has-background-color has-background-image\" style=\"background-image:url(https:\/\/www.f3dm.de\/wp-content\/uploads\/2018\/12\/linien_01.png)\"><div class=\"InnerContent\">\n<h2 class=\"wp-block-heading\">Mit dem perfekten Ma\u00df zur perfekten Qualit\u00e4t<\/h2>\n\n\n\n<div class=\"wp-block-columns has-2-columns is-layout-flex wp-container-core-columns-is-layout-9d6595d7 wp-block-columns-is-layout-flex\">\n<div class=\"wp-block-column is-layout-flow wp-block-column-is-layout-flow\">\n<p>Von der Konstruktion bis zur Fertigung ist das perfekte Ma\u00df der Garant fu\u0308r erstklassige Qualit\u00e4t. Unsere 3D-Messungen mit station\u00e4ren Systemen, sorgen durch den direkten Abgleich mit g\u00e4ngigen CAD-Daten sowie Ihren konkreten Vorgaben und Zeichnungen fu\u0308r optimierte Produktionsprozesse in Ihrem Betrieb.<\/p>\n\n\n\n<p>Je nach Aufgabenstellung kommen dabei, abgestimmt auf Beschaffenheit und Gr\u00f6\u00dfe des zu vermessenden Objektes, verschiedene taktile und optische Koordinatenmessger\u00e4te (KMG) zum Einsatz. Auch eine Kombination der Messverfahren ist problemlos m\u00f6glich.<\/p>\n\n\n\n<p>Unsere Koordinatenmessger\u00e4te erm\u00f6glichen es uns, selbst kleinste Toleranzen einzuhalten und sorgen bei immer gleichbleibenden klimatischen Bedingungen fu\u0308r eine extrem hohe Wiederholgenauigkeit.<\/p>\n<\/div>\n\n\n\n<div class=\"wp-block-column is-layout-flow wp-block-column-is-layout-flow\"><\/div>\n<\/div>\n\n\n\n<p><\/p>\n<\/div><\/div>\n\n\n\n<div class=\"wp-block-impuls-additional-containers-impulsbgcontainer  has-no-text-color has-light-gray-background-color has-background-color has-background-image\" style=\"background-image:url(https:\/\/www.f3dm.de\/wp-content\/uploads\/2018\/12\/linien_01.png)\" id=\"taktile-kmg\"><div class=\"InnerContent\">\n<h2 class=\"wp-block-heading\">Taktile KMG<\/h2>\n\n\n\n<div class=\"wp-block-columns has-2-columns is-layout-flex wp-container-core-columns-is-layout-9d6595d7 wp-block-columns-is-layout-flex\">\n<div class=\"wp-block-column is-layout-flow wp-block-column-is-layout-flow\">\n<figure class=\"wp-block-image is-resized\"><img loading=\"lazy\" decoding=\"async\" width=\"538\" height=\"320\" src=\"https:\/\/www.f3dm.de\/wp-content\/uploads\/2017\/01\/kmg2.png\" alt=\"\" class=\"wp-image-1013\" style=\"width:303px;height:180px\" srcset=\"https:\/\/www.f3dm.de\/wp-content\/uploads\/2017\/01\/kmg2.png 538w, https:\/\/www.f3dm.de\/wp-content\/uploads\/2017\/01\/kmg2-300x178.png 300w\" sizes=\"auto, (max-width: 538px) 100vw, 538px\" \/><\/figure>\n<\/div>\n\n\n\n<div class=\"wp-block-column is-layout-flow wp-block-column-is-layout-flow\">\n<p><\/p>\n<\/div>\n<\/div>\n\n\n\n<p><strong>Taktile Koordinatenmessger\u00e4te in Portalbauweise<br>(verschiedene)<\/strong><\/p>\n\n\n\n<figure class=\"wp-block-table\"><table><tbody><tr><td>Hersteller:<\/td><td>Mitutoyo<\/td><\/tr><tr><td>Max. Messbereich:<\/td><td>1200&#215;3000 mm<\/td><\/tr><tr><td>Genauigkeit:<\/td><td>bis zu 1,9 \u03bcm (ELO, MPE)<\/td><\/tr><tr><td>Kalibrierung:<\/td><td>Normenkonforme Kalibrierung nach VDI 2617 mit DAkkS-Zertifikat<\/td><\/tr><tr><td>Besonderheiten:<\/td><td>spezielles Messtastersystem (SP25) fu\u0308r taktiles Scannen<\/td><\/tr><\/tbody><\/table><\/figure>\n<\/div><\/div>\n\n\n\n<div class=\"wp-block-impuls-additional-containers-impulsbgcontainer  has-no-text-color has-light-gray-background-color has-background-color has-background-image\" style=\"background-image:url(https:\/\/www.f3dm.de\/wp-content\/uploads\/2018\/12\/linien_01.png)\" id=\"optische-kmg\"><div class=\"InnerContent\">\n<h2 class=\"wp-block-heading\">Optische KMG<\/h2>\n\n\n\n<div class=\"wp-block-columns has-2-columns is-layout-flex wp-container-core-columns-is-layout-9d6595d7 wp-block-columns-is-layout-flex\">\n<div class=\"wp-block-column is-layout-flow wp-block-column-is-layout-flow\">\n<figure class=\"wp-block-image is-resized\"><img loading=\"lazy\" decoding=\"async\" width=\"526\" height=\"409\" src=\"https:\/\/www.f3dm.de\/wp-content\/uploads\/2016\/10\/qv.png\" alt=\"\" class=\"wp-image-1017\" style=\"width:300px;height:233px\" srcset=\"https:\/\/www.f3dm.de\/wp-content\/uploads\/2016\/10\/qv.png 526w, https:\/\/www.f3dm.de\/wp-content\/uploads\/2016\/10\/qv-300x233.png 300w\" sizes=\"auto, (max-width: 526px) 100vw, 526px\" \/><\/figure>\n<\/div>\n\n\n\n<div class=\"wp-block-column is-layout-flow wp-block-column-is-layout-flow\"><\/div>\n<\/div>\n\n\n\n<p><strong>Optische Koordinatenmessger\u00e4te<\/strong><\/p>\n\n\n\n<figure class=\"wp-block-table\"><table><tbody><tr><td>Hersteller:<\/td><td>Mitutoyo<\/td><\/tr><tr><td>Max. Messbereich:<\/td><td>400 x 400x 250 mm<\/td><\/tr><tr><td>Genauigkeit:<\/td><td>2,2 \u03bcm (E1X(Y), MPE)<\/td><\/tr><tr><td>Besonderheiten:<\/td><td>eignen sich besonders fu\u0308r z.B. schwer erkennbare Bauteilkanten bzw. Oberfl\u00e4chen oder dynamische Kleinteile<\/td><\/tr><\/tbody><\/table><\/figure>\n\n\n\n<p><\/p>\n<\/div><\/div>\n\n\n\n<div class=\"wp-block-impuls-additional-containers-impulsbgcontainer  has-no-text-color has-light-gray-background-color has-background-color has-background-image\" style=\"background-image:url(https:\/\/www.f3dm.de\/wp-content\/uploads\/2018\/12\/linien_01.png)\" id=\"konturenmessger\u00e4t\"><div class=\"InnerContent\">\n<h2 class=\"wp-block-heading\">Konturenmessger\u00e4t<\/h2>\n\n\n\n<div class=\"wp-block-columns has-2-columns is-layout-flex wp-container-core-columns-is-layout-9d6595d7 wp-block-columns-is-layout-flex\">\n<div class=\"wp-block-column is-layout-flow wp-block-column-is-layout-flow\">\n<figure class=\"wp-block-image is-resized\"><img loading=\"lazy\" decoding=\"async\" width=\"300\" height=\"157\" src=\"https:\/\/www.f3dm.de\/wp-content\/uploads\/2023\/02\/cv2-300x300.png\" alt=\"\" class=\"wp-image-2948\" style=\"width:300px;height:157px\"\/><\/figure>\n<\/div>\n\n\n\n<div class=\"wp-block-column is-layout-flow wp-block-column-is-layout-flow\"><\/div>\n<\/div>\n\n\n\n<p><strong>Konturenmessger\u00e4te<\/strong><\/p>\n\n\n\n<figure class=\"wp-block-table\"><table><tbody><tr><td>Hersteller:<\/td><td>Mitutoyo<\/td><\/tr><tr><td>Max. Messbereich:<\/td><td>x-Achse 100 mm z1-Achse 50 mm<\/td><\/tr><tr><td>Aufl\u00f6sung:<\/td><td>0,05 \u03bcm<\/td><\/tr><tr><td>Besonderheiten:<\/td><td>halbautomatisch, hochgenau<\/td><\/tr><\/tbody><\/table><\/figure>\n<\/div><\/div>\n\n\n\n<div class=\"wp-block-impuls-additional-containers-impulsbgcontainer  has-no-text-color has-light-gray-background-color has-background-color has-background-image\" style=\"background-image:url(https:\/\/www.f3dm.de\/wp-content\/uploads\/2018\/12\/linien_01.png)\" id=\"rauheitsmessger\u00e4t\"><div class=\"InnerContent\">\n<h2 class=\"wp-block-heading\">Rauheitsmessger\u00e4t<\/h2>\n\n\n\n<div class=\"wp-block-columns has-2-columns is-layout-flex wp-container-core-columns-is-layout-9d6595d7 wp-block-columns-is-layout-flex\">\n<div class=\"wp-block-column is-layout-flow wp-block-column-is-layout-flow\">\n<figure class=\"wp-block-image is-resized\"><img loading=\"lazy\" decoding=\"async\" width=\"300\" height=\"250\" src=\"https:\/\/www.f3dm.de\/wp-content\/uploads\/2023\/02\/surftest2-300x300.png\" alt=\"\" class=\"wp-image-2951\" style=\"width:300px;height:250px\"\/><\/figure>\n<\/div>\n\n\n\n<div class=\"wp-block-column is-layout-flow wp-block-column-is-layout-flow\"><\/div>\n<\/div>\n\n\n\n<p><strong>Rauheitsmessger\u00e4te<\/strong><\/p>\n\n\n\n<figure class=\"wp-block-table\"><table><tbody><tr><td>Hersteller:<\/td><td>Mitutoyo<\/td><\/tr><tr><td>Max. Messbereich:<\/td><td>100 mm<\/td><\/tr><tr><td>Genauigkeit:<\/td><td>bis zu 1,9 \u03bcm (ELO, MPE)<\/td><\/tr><tr><td>Besonderheiten:<\/td><td>Pru\u0308fung von Prim\u00e4rprofil, Rauheit und Welligkeit<\/td><\/tr><\/tbody><\/table><\/figure>\n<\/div><\/div>\n\n\n\n<div class=\"wp-block-impuls-additional-containers-impulsbgcontainer  has-no-text-color has-light-gray-background-color has-background-color has-background-image\" style=\"background-image:url(https:\/\/www.f3dm.de\/wp-content\/uploads\/2018\/12\/linien_01.png)\" id=\"laser-messger\u00e4te\"><div class=\"InnerContent\">\n<h2 class=\"wp-block-heading\">Lasermessger\u00e4te<\/h2>\n\n\n\n<div class=\"wp-block-columns has-2-columns is-layout-flex wp-container-core-columns-is-layout-9d6595d7 wp-block-columns-is-layout-flex\">\n<div class=\"wp-block-column is-layout-flow wp-block-column-is-layout-flow\">\n<figure class=\"wp-block-image is-resized\"><img loading=\"lazy\" decoding=\"async\" width=\"683\" height=\"1024\" src=\"https:\/\/www.f3dm.de\/wp-content\/uploads\/2022\/11\/Verleih_QuantumM_ScanArm_LLP-1-683x1024.png\" alt=\"\" class=\"wp-image-2461\" style=\"width:183px;height:275px\" srcset=\"https:\/\/www.f3dm.de\/wp-content\/uploads\/2022\/11\/Verleih_QuantumM_ScanArm_LLP-1-683x1024.png 683w, https:\/\/www.f3dm.de\/wp-content\/uploads\/2022\/11\/Verleih_QuantumM_ScanArm_LLP-1-200x300.png 200w, https:\/\/www.f3dm.de\/wp-content\/uploads\/2022\/11\/Verleih_QuantumM_ScanArm_LLP-1-768x1152.png 768w, https:\/\/www.f3dm.de\/wp-content\/uploads\/2022\/11\/Verleih_QuantumM_ScanArm_LLP-1.png 1067w\" sizes=\"auto, (max-width: 683px) 100vw, 683px\" \/><\/figure>\n<\/div>\n\n\n\n<div class=\"wp-block-column is-layout-flow wp-block-column-is-layout-flow\"><\/div>\n<\/div>\n\n\n\n<p><strong>Lasermessger\u00e4te (verschiedene)<\/strong><\/p>\n\n\n\n<figure class=\"wp-block-table\"><table><tbody><tr><td>Hersteller:<\/td><td>FARO<\/td><\/tr><tr><td>Max. Messbereich:<\/td><td>Vol. bis zu 3,7 m (Mess- oder Scanarm) Radius 40 m (Lasertracker)<\/td><\/tr><tr><td>Genauigkeit:<\/td><td>vol. max. Abweichung \u00b10.018 mm<\/td><\/tr><tr><td>Besonderheiten:<\/td><td>Beru\u0308hrungslose Messung auch auf gr\u00f6\u00dfere Distanz. Erfassung als hochaufl\u00f6sende, detaillierte 3D-Punktewolke, die selbst komplexe und reflektierende Oberfl\u00e4chen mit hoher Genauigkeit und Wiederholbarkeit abbildet. Siehe hierzu auch <a href=\"https:\/\/www.f3dm.de\/technik\/mobil\/\">mobile Messger\u00e4te<\/a><\/td><\/tr><\/tbody><\/table><\/figure>\n<\/div><\/div>\n\n\n\n<div class=\"wp-block-impuls-additional-containers-impulsbgcontainer  has-no-text-color has-light-gray-background-color has-background-color has-background-image\" style=\"background-image:url(https:\/\/www.f3dm.de\/wp-content\/uploads\/2018\/12\/linien_01.png)\" id=\"teilprogrammerstellung\"><div class=\"InnerContent\">\n<h2 class=\"wp-block-heading\">Teilprogrammerstellung<\/h2>\n\n\n\n<div class=\"wp-block-columns has-2-columns is-layout-flex wp-container-core-columns-is-layout-9d6595d7 wp-block-columns-is-layout-flex\">\n<div class=\"wp-block-column is-layout-flow wp-block-column-is-layout-flow\">\n<figure class=\"wp-block-image\"><img loading=\"lazy\" decoding=\"async\" width=\"1000\" height=\"750\" src=\"https:\/\/www.f3dm.de\/wp-content\/uploads\/2022\/11\/optische-koordinatenmessgera\u0308te_3.jpg\" alt=\"optische koordinatenmessgera\u0308te\" class=\"wp-image-2405\" srcset=\"https:\/\/www.f3dm.de\/wp-content\/uploads\/2022\/11\/optische-koordinatenmessgera\u0308te_3.jpg 1000w, https:\/\/www.f3dm.de\/wp-content\/uploads\/2022\/11\/optische-koordinatenmessgera\u0308te_3-300x225.jpg 300w, https:\/\/www.f3dm.de\/wp-content\/uploads\/2022\/11\/optische-koordinatenmessgera\u0308te_3-768x576.jpg 768w\" sizes=\"auto, (max-width: 1000px) 100vw, 1000px\" \/><\/figure>\n<\/div>\n\n\n\n<div class=\"wp-block-column is-layout-flow wp-block-column-is-layout-flow\">\n<p>Ganz nach Ihren W\u00fcnschen und Vorgaben erstellen wir zudem auch Erstmusterpr\u00fcfberichte (EMPB) nach VDA, individuelle Messprotokolle Fehlfarbenvergleiche und vieles mehr. <\/p>\n\n\n\n<p>Sie verfu\u0308gen u\u0308ber eigene Koordinatenmessger\u00e4te und ben\u00f6tigen lediglich das Messprogramm \/ Teileprogramm? Auch das ist kein Problem fu\u0308r uns. Egal ob fu\u0308r CNC-gesteuerte KMG oder manuell gefu\u0308hrte Systeme u\u0308bernehmen wir in COSMOS oder PolyWorks die Programmierung fu\u0308r Sie.<\/p>\n\n\n\n<p><strong>Sprechen Sie uns an!<\/strong><\/p>\n<\/div>\n<\/div>\n<\/div><\/div>\n\n\n\n<div class=\"wp-block-impuls-additional-containers-impulsbgcontainer  has-no-text-color has-light-gray-background-color has-background-color has-background-image\" style=\"background-image:url(https:\/\/www.f3dm.de\/wp-content\/uploads\/2018\/12\/linien_01.png)\"><div class=\"InnerContent\">\n<h2 class=\"wp-block-heading\">Anwendungsbeispiele<\/h2>\n\n\n\n<figure class=\"wp-block-gallery has-nested-images columns-4 is-cropped wp-block-gallery-1 is-layout-flex wp-block-gallery-is-layout-flex\">\n<figure class=\"wp-block-image\"><a href=\"https:\/\/www.f3dm.de\/wp-content\/uploads\/2022\/12\/konturenmessgeraet_2.jpg\" data-lbwps-width=\"900\" data-lbwps-height=\"1200\" data-lbwps-srcsmall=\"https:\/\/www.f3dm.de\/wp-content\/uploads\/2022\/12\/konturenmessgeraet_2-225x300.jpg\"><img loading=\"lazy\" decoding=\"async\" width=\"768\" height=\"1024\" data-id=\"2517\" src=\"https:\/\/www.f3dm.de\/wp-content\/uploads\/2022\/12\/konturenmessgeraet_2-768x1024.jpg\" alt=\"Konturenmessger\u00e4t\" class=\"wp-image-2517\" srcset=\"https:\/\/www.f3dm.de\/wp-content\/uploads\/2022\/12\/konturenmessgeraet_2-768x1024.jpg 768w, https:\/\/www.f3dm.de\/wp-content\/uploads\/2022\/12\/konturenmessgeraet_2-225x300.jpg 225w, https:\/\/www.f3dm.de\/wp-content\/uploads\/2022\/12\/konturenmessgeraet_2.jpg 900w\" sizes=\"auto, (max-width: 768px) 100vw, 768px\" \/><\/a><\/figure>\n\n\n\n<figure class=\"wp-block-image\"><a href=\"https:\/\/www.f3dm.de\/wp-content\/uploads\/2022\/12\/optische-koordinatenmessgeraete_4.jpg\" data-lbwps-width=\"1500\" data-lbwps-height=\"1125\" data-lbwps-srcsmall=\"https:\/\/www.f3dm.de\/wp-content\/uploads\/2022\/12\/optische-koordinatenmessgeraete_4-300x225.jpg\"><img loading=\"lazy\" decoding=\"async\" width=\"1024\" height=\"768\" data-id=\"2518\" src=\"https:\/\/www.f3dm.de\/wp-content\/uploads\/2022\/12\/optische-koordinatenmessgeraete_4-1024x768.jpg\" alt=\"optische Koordinatenmessger\u00e4te\" class=\"wp-image-2518\" srcset=\"https:\/\/www.f3dm.de\/wp-content\/uploads\/2022\/12\/optische-koordinatenmessgeraete_4-1024x768.jpg 1024w, https:\/\/www.f3dm.de\/wp-content\/uploads\/2022\/12\/optische-koordinatenmessgeraete_4-300x225.jpg 300w, https:\/\/www.f3dm.de\/wp-content\/uploads\/2022\/12\/optische-koordinatenmessgeraete_4-768x576.jpg 768w, https:\/\/www.f3dm.de\/wp-content\/uploads\/2022\/12\/optische-koordinatenmessgeraete_4.jpg 1500w\" sizes=\"auto, (max-width: 1024px) 100vw, 1024px\" \/><\/a><\/figure>\n\n\n\n<figure class=\"wp-block-image\"><a href=\"https:\/\/www.f3dm.de\/wp-content\/uploads\/2022\/12\/optische-koordinatenmessgeraete_5.jpg\" data-lbwps-width=\"1500\" data-lbwps-height=\"1125\" data-lbwps-srcsmall=\"https:\/\/www.f3dm.de\/wp-content\/uploads\/2022\/12\/optische-koordinatenmessgeraete_5-300x225.jpg\"><img loading=\"lazy\" decoding=\"async\" width=\"1024\" height=\"768\" data-id=\"2519\" src=\"https:\/\/www.f3dm.de\/wp-content\/uploads\/2022\/12\/optische-koordinatenmessgeraete_5-1024x768.jpg\" alt=\"optische Koordinatenmessger\u00e4te\" class=\"wp-image-2519\" srcset=\"https:\/\/www.f3dm.de\/wp-content\/uploads\/2022\/12\/optische-koordinatenmessgeraete_5-1024x768.jpg 1024w, https:\/\/www.f3dm.de\/wp-content\/uploads\/2022\/12\/optische-koordinatenmessgeraete_5-300x225.jpg 300w, https:\/\/www.f3dm.de\/wp-content\/uploads\/2022\/12\/optische-koordinatenmessgeraete_5-768x576.jpg 768w, https:\/\/www.f3dm.de\/wp-content\/uploads\/2022\/12\/optische-koordinatenmessgeraete_5.jpg 1500w\" sizes=\"auto, (max-width: 1024px) 100vw, 1024px\" \/><\/a><\/figure>\n\n\n\n<figure class=\"wp-block-image\"><a href=\"https:\/\/www.f3dm.de\/wp-content\/uploads\/2022\/12\/optische-koordinatenmessgeraete_7.jpg\" data-lbwps-width=\"800\" data-lbwps-height=\"1200\" data-lbwps-srcsmall=\"https:\/\/www.f3dm.de\/wp-content\/uploads\/2022\/12\/optische-koordinatenmessgeraete_7-200x300.jpg\"><img loading=\"lazy\" decoding=\"async\" width=\"683\" height=\"1024\" data-id=\"2520\" src=\"https:\/\/www.f3dm.de\/wp-content\/uploads\/2022\/12\/optische-koordinatenmessgeraete_7-683x1024.jpg\" alt=\"optische Koordinatenmessger\u00e4te\" class=\"wp-image-2520\" srcset=\"https:\/\/www.f3dm.de\/wp-content\/uploads\/2022\/12\/optische-koordinatenmessgeraete_7-683x1024.jpg 683w, https:\/\/www.f3dm.de\/wp-content\/uploads\/2022\/12\/optische-koordinatenmessgeraete_7-200x300.jpg 200w, https:\/\/www.f3dm.de\/wp-content\/uploads\/2022\/12\/optische-koordinatenmessgeraete_7-768x1152.jpg 768w, https:\/\/www.f3dm.de\/wp-content\/uploads\/2022\/12\/optische-koordinatenmessgeraete_7.jpg 800w\" sizes=\"auto, (max-width: 683px) 100vw, 683px\" \/><\/a><\/figure>\n\n\n\n<figure class=\"wp-block-image\"><a href=\"https:\/\/www.f3dm.de\/wp-content\/uploads\/2022\/12\/optische-koordinatenmessgeraete_8.jpg\" data-lbwps-width=\"800\" data-lbwps-height=\"1200\" data-lbwps-srcsmall=\"https:\/\/www.f3dm.de\/wp-content\/uploads\/2022\/12\/optische-koordinatenmessgeraete_8-200x300.jpg\"><img loading=\"lazy\" decoding=\"async\" width=\"683\" height=\"1024\" data-id=\"2521\" src=\"https:\/\/www.f3dm.de\/wp-content\/uploads\/2022\/12\/optische-koordinatenmessgeraete_8-683x1024.jpg\" alt=\"optische Koordinatenmessger\u00e4te\" class=\"wp-image-2521\" srcset=\"https:\/\/www.f3dm.de\/wp-content\/uploads\/2022\/12\/optische-koordinatenmessgeraete_8-683x1024.jpg 683w, https:\/\/www.f3dm.de\/wp-content\/uploads\/2022\/12\/optische-koordinatenmessgeraete_8-200x300.jpg 200w, https:\/\/www.f3dm.de\/wp-content\/uploads\/2022\/12\/optische-koordinatenmessgeraete_8-768x1152.jpg 768w, https:\/\/www.f3dm.de\/wp-content\/uploads\/2022\/12\/optische-koordinatenmessgeraete_8.jpg 800w\" sizes=\"auto, (max-width: 683px) 100vw, 683px\" \/><\/a><\/figure>\n\n\n\n<figure class=\"wp-block-image\"><a href=\"https:\/\/www.f3dm.de\/wp-content\/uploads\/2022\/12\/optische-koordinatenmessgeraete_9.jpg\" data-lbwps-width=\"1500\" data-lbwps-height=\"1000\" data-lbwps-srcsmall=\"https:\/\/www.f3dm.de\/wp-content\/uploads\/2022\/12\/optische-koordinatenmessgeraete_9-300x200.jpg\"><img loading=\"lazy\" decoding=\"async\" width=\"1024\" height=\"683\" data-id=\"2522\" src=\"https:\/\/www.f3dm.de\/wp-content\/uploads\/2022\/12\/optische-koordinatenmessgeraete_9-1024x683.jpg\" alt=\"optische Koordinatenmessger\u00e4te\" class=\"wp-image-2522\" srcset=\"https:\/\/www.f3dm.de\/wp-content\/uploads\/2022\/12\/optische-koordinatenmessgeraete_9-1024x683.jpg 1024w, https:\/\/www.f3dm.de\/wp-content\/uploads\/2022\/12\/optische-koordinatenmessgeraete_9-300x200.jpg 300w, https:\/\/www.f3dm.de\/wp-content\/uploads\/2022\/12\/optische-koordinatenmessgeraete_9-768x512.jpg 768w, https:\/\/www.f3dm.de\/wp-content\/uploads\/2022\/12\/optische-koordinatenmessgeraete_9.jpg 1500w\" sizes=\"auto, (max-width: 1024px) 100vw, 1024px\" \/><\/a><\/figure>\n\n\n\n<figure class=\"wp-block-image\"><a href=\"https:\/\/www.f3dm.de\/wp-content\/uploads\/2022\/12\/portalbauweise2.jpg\" data-lbwps-width=\"900\" data-lbwps-height=\"1200\" data-lbwps-srcsmall=\"https:\/\/www.f3dm.de\/wp-content\/uploads\/2022\/12\/portalbauweise2-225x300.jpg\"><img loading=\"lazy\" decoding=\"async\" width=\"768\" height=\"1024\" data-id=\"2523\" src=\"https:\/\/www.f3dm.de\/wp-content\/uploads\/2022\/12\/portalbauweise2-768x1024.jpg\" alt=\"Portalbauweise\" class=\"wp-image-2523\" srcset=\"https:\/\/www.f3dm.de\/wp-content\/uploads\/2022\/12\/portalbauweise2-768x1024.jpg 768w, https:\/\/www.f3dm.de\/wp-content\/uploads\/2022\/12\/portalbauweise2-225x300.jpg 225w, https:\/\/www.f3dm.de\/wp-content\/uploads\/2022\/12\/portalbauweise2.jpg 900w\" sizes=\"auto, (max-width: 768px) 100vw, 768px\" \/><\/a><\/figure>\n\n\n\n<figure class=\"wp-block-image\"><a href=\"https:\/\/www.f3dm.de\/wp-content\/uploads\/2022\/12\/portalbauweise6.jpg\" data-lbwps-width=\"1500\" data-lbwps-height=\"1000\" data-lbwps-srcsmall=\"https:\/\/www.f3dm.de\/wp-content\/uploads\/2022\/12\/portalbauweise6-300x200.jpg\"><img loading=\"lazy\" decoding=\"async\" width=\"1024\" height=\"683\" data-id=\"2524\" src=\"https:\/\/www.f3dm.de\/wp-content\/uploads\/2022\/12\/portalbauweise6-1024x683.jpg\" alt=\"Portalbauweise\" class=\"wp-image-2524\" srcset=\"https:\/\/www.f3dm.de\/wp-content\/uploads\/2022\/12\/portalbauweise6-1024x683.jpg 1024w, https:\/\/www.f3dm.de\/wp-content\/uploads\/2022\/12\/portalbauweise6-300x200.jpg 300w, https:\/\/www.f3dm.de\/wp-content\/uploads\/2022\/12\/portalbauweise6-768x512.jpg 768w, https:\/\/www.f3dm.de\/wp-content\/uploads\/2022\/12\/portalbauweise6.jpg 1500w\" sizes=\"auto, (max-width: 1024px) 100vw, 1024px\" \/><\/a><\/figure>\n<\/figure>\n<\/div><\/div>\n","protected":false},"excerpt":{"rendered":"<p>Je nach Beschaffenheit und Gr\u00f6\u00dfe des zu vermessenden Objektes, stehen verschiedene taktile sowie optische Koordinatenmessger\u00e4te (KMG) zur Verf\u00fcgung.<\/p>\n","protected":false},"author":1,"featured_media":1556,"parent":0,"menu_order":80,"comment_status":"closed","ping_status":"closed","template":"","meta":{"footnotes":""},"class_list":["post-66","page","type-page","status-publish","has-post-thumbnail","hentry"],"_links":{"self":[{"href":"https:\/\/www.f3dm.de\/en\/wp-json\/wp\/v2\/pages\/66","targetHints":{"allow":["GET"]}}],"collection":[{"href":"https:\/\/www.f3dm.de\/en\/wp-json\/wp\/v2\/pages"}],"about":[{"href":"https:\/\/www.f3dm.de\/en\/wp-json\/wp\/v2\/types\/page"}],"author":[{"embeddable":true,"href":"https:\/\/www.f3dm.de\/en\/wp-json\/wp\/v2\/users\/1"}],"replies":[{"embeddable":true,"href":"https:\/\/www.f3dm.de\/en\/wp-json\/wp\/v2\/comments?post=66"}],"version-history":[{"count":172,"href":"https:\/\/www.f3dm.de\/en\/wp-json\/wp\/v2\/pages\/66\/revisions"}],"predecessor-version":[{"id":3549,"href":"https:\/\/www.f3dm.de\/en\/wp-json\/wp\/v2\/pages\/66\/revisions\/3549"}],"wp:featuredmedia":[{"embeddable":true,"href":"https:\/\/www.f3dm.de\/en\/wp-json\/wp\/v2\/media\/1556"}],"wp:attachment":[{"href":"https:\/\/www.f3dm.de\/en\/wp-json\/wp\/v2\/media?parent=66"}],"curies":[{"name":"wp","href":"https:\/\/api.w.org\/{rel}","templated":true}]}}