{"id":5,"date":"2014-09-24T16:08:46","date_gmt":"2014-09-24T14:08:46","guid":{"rendered":"https:\/\/www.f3dm.de\/?page_id=5"},"modified":"2026-05-03T15:56:38","modified_gmt":"2026-05-03T13:56:38","slug":"startseite","status":"publish","type":"page","link":"https:\/\/www.f3dm.de\/en\/","title":{"rendered":"Startseite"},"content":{"rendered":"\n<div class=\"wp-block-media-text alignwide has-media-on-the-right is-stacked-on-mobile has-light-gray-background-color has-background\"><div class=\"wp-block-media-text__content\">\n<h2 class=\"wp-block-heading\">Ihr kompetenter Partner f\u00fcr 3D-Messtechnik<\/h2>\n\n\n\n<p>Schon seit 1995 bietet Ihnen FISCHER zuverl\u00e4ssige 3D-Geometriemessungen mit taktiler und\/oder optischer Abtastung, egal ob station\u00e4r oder mobil. Durch Einsatz der neuesten Messsysteme und hochqualifizierter Mitarbeiter gew\u00e4hrleisten wir 3D-Messtechnik auf h\u00f6chstem Niveau.<\/p>\n\n\n\n<p>Sie sind sich nicht\nsicher, ob Ihr Projekt realisierbar ist oder welchen Nutzen Sie davon haben?\nRufen Sie jetzt an und lassen Sie sich von uns beraten.<\/p>\n\n\n\n<div class=\"tel_block\">Tel. +49 2941 94 89 83-0<\/div>\n<\/div><figure class=\"wp-block-media-text__media\"><img loading=\"lazy\" decoding=\"async\" width=\"960\" height=\"540\" src=\"https:\/\/www.f3dm.de\/wp-content\/uploads\/2018\/12\/messtechnik.jpg\" alt=\"\" class=\"wp-image-1523 size-full\" srcset=\"https:\/\/www.f3dm.de\/wp-content\/uploads\/2018\/12\/messtechnik.jpg 960w, https:\/\/www.f3dm.de\/wp-content\/uploads\/2018\/12\/messtechnik-300x169.jpg 300w, https:\/\/www.f3dm.de\/wp-content\/uploads\/2018\/12\/messtechnik-768x432.jpg 768w\" sizes=\"auto, (max-width: 960px) 100vw, 960px\" \/><\/figure><\/div>\n\n\n\n<div class=\"wp-block-impuls-additional-containers-impulsbgcontainer  background-image-size-cover has-no-text-color has-light-gray-background-color has-background-color has-background-image\" style=\"background-image:url(https:\/\/www.f3dm.de\/wp-content\/uploads\/2018\/12\/linien_02.png)\"><div class=\"InnerContent\">\n<h2 class=\"wp-block-heading\"><strong>Unsere Leistungen im \u00dcberblick<\/strong><\/h2>\n\n\n<div class=\"leistungen_wrapper\"><div class=\"leistung\"><div class=\"leistung_img\" style=\"background: url(https:\/\/www.f3dm.de\/wp-content\/uploads\/2018\/12\/stationaere_messungen.jpg) no-repeat center \/ cover;\"><a href=\"https:\/\/www.f3dm.de\/en\/stationaere-messungen\/\" title=\"Station\u00e4re Messungen\"><i class=\"icon-arrow\"><\/i><\/a><\/div><div class=\"leistungen_text\"><h3><a href=\"https:\/\/www.f3dm.de\/en\/stationaere-messungen\/\" title=\"Station\u00e4re Messungen\">Station\u00e4re Messungen<\/a><\/h3>Je nach Beschaffenheit und Gr\u00f6\u00dfe des zu vermessenden Objektes, stehen verschiedene taktile sowie optische Koordinatenmessger\u00e4te (KMG) zur Verf\u00fcgung.<br \/><a href=\"https:\/\/www.f3dm.de\/en\/stationaere-messungen\/\" title=\"more \u2026\">more \u2026<\/a><\/div><\/div><div class=\"leistung\"><div class=\"leistung_img\" style=\"background: url(https:\/\/www.f3dm.de\/wp-content\/uploads\/2022\/11\/IMG_3040.jpg) no-repeat center \/ cover;\"><a href=\"https:\/\/www.f3dm.de\/en\/x-ray-tomography\/\" title=\"Computer tomography\"><i class=\"icon-arrow\"><\/i><\/a><\/div><div class=\"leistungen_text\"><h3><a href=\"https:\/\/www.f3dm.de\/en\/x-ray-tomography\/\" title=\"Computer tomography\">Computer tomography<\/a><\/h3>Interconnected and complex components or specific materials are measured by laser, X-rays or camera-assisted systems.<br \/><a href=\"https:\/\/www.f3dm.de\/en\/x-ray-tomography\/\" title=\"more \u2026\">more \u2026<\/a><\/div><\/div><div class=\"leistung\"><div class=\"leistung_img\" style=\"background: url(https:\/\/www.f3dm.de\/wp-content\/uploads\/2021\/03\/IMG_6083-Kopie.jpg) no-repeat center \/ cover;\"><a href=\"https:\/\/www.f3dm.de\/en\/mobil\/\" title=\"Mobile Messungen\"><i class=\"icon-arrow\"><\/i><\/a><\/div><div class=\"leistungen_text\"><h3><a href=\"https:\/\/www.f3dm.de\/en\/mobil\/\" title=\"Mobile Messungen\">Mobile Messungen<\/a><\/h3>Wir bringen unsere 3D-Messtechnik mit zu Ihnen in den Betrieb. F\u00fcr alles, was sich nicht transportieren l\u00e4sst.  Flexibel, schnell und pr\u00e4zise.<br \/><a href=\"https:\/\/www.f3dm.de\/en\/mobil\/\" title=\"more \u2026\">more \u2026<\/a><\/div><\/div><div class=\"leistung\"><div class=\"leistung_img\" style=\"background: url(https:\/\/www.f3dm.de\/wp-content\/uploads\/2022\/11\/Tasterkoffer_innen.jpg) no-repeat center \/ cover;\"><a href=\"https:\/\/www.f3dm.de\/en\/verkauf\/\" title=\"Verkauf\"><i class=\"icon-arrow\"><\/i><\/a><\/div><div class=\"leistungen_text\"><h3><a href=\"https:\/\/www.f3dm.de\/en\/verkauf\/\" title=\"Verkauf\">Verkauf<\/a><\/h3>Im Bereich Verkauf erwartet Sie ein kleiner Einblick in unser umfangreiches Angebot rund um die Koordinaten-Messtechnik. Au\u00dferdem sind wir Ihr Partner f\u00fcr Messger\u00e4te und Zubeh\u00f6r der Marken FARO und SCANTECH.<br \/><a href=\"https:\/\/www.f3dm.de\/en\/verkauf\/\" title=\"more \u2026\">more \u2026<\/a><\/div><\/div><div class=\"leistung\"><div class=\"leistung_img\" style=\"background: url(https:\/\/www.f3dm.de\/wp-content\/uploads\/2022\/11\/QuantumM_FaroArm_Production_Inspect1.jpg) no-repeat center \/ cover;\"><a href=\"https:\/\/www.f3dm.de\/en\/verleih\/\" title=\"Verleih\"><i class=\"icon-arrow\"><\/i><\/a><\/div><div class=\"leistungen_text\"><h3><a href=\"https:\/\/www.f3dm.de\/en\/verleih\/\" title=\"Verleih\">Verleih<\/a><\/h3>Sie m\u00f6chten selbst bei sich vor Ort vermessen,\nIhnen fehlt aber das entsprechende Equipment?\nKein Problem!\nMieten Sie doch einfach einen mobilen Messarm,\nScanarm oder Laser Tracker aus unserem umfangreichen Ger\u00e4tepark.<br \/><a href=\"https:\/\/www.f3dm.de\/en\/verleih\/\" title=\"more \u2026\">more \u2026<\/a><\/div><\/div><div class=\"leistung\"><div class=\"leistung_img\" style=\"background: url(https:\/\/www.f3dm.de\/wp-content\/uploads\/2017\/04\/6905foto.jpg) no-repeat center \/ cover;\"><a href=\"https:\/\/www.f3dm.de\/en\/konstruktion\/\" title=\"Construction\"><i class=\"icon-arrow\"><\/i><\/a><\/div><div class=\"leistungen_text\"><h3><a href=\"https:\/\/www.f3dm.de\/en\/konstruktion\/\" title=\"Construction\">Construction<\/a><\/h3>The design of new components as well as the post-design by recording and correcting the data are also part of our portfolio.<br \/><a href=\"https:\/\/www.f3dm.de\/en\/konstruktion\/\" title=\"more \u2026\">more \u2026<\/a><\/div><\/div><div class=\"leistung\"><div class=\"leistung_img\" style=\"background: url(https:\/\/www.f3dm.de\/wp-content\/uploads\/2018\/12\/reverse_engineering.jpg) no-repeat center \/ cover;\"><a href=\"https:\/\/www.f3dm.de\/en\/konstruktion\/reverse-engineering\/\" title=\"Reverse Engineering\"><i class=\"icon-arrow\"><\/i><\/a><\/div><div class=\"leistungen_text\"><h3><a href=\"https:\/\/www.f3dm.de\/en\/konstruktion\/reverse-engineering\/\" title=\"Reverse Engineering\">Reverse Engineering<\/a><\/h3>Bauteile oder Objekte aller Art, von denen keine Daten mehr vorhanden oder nie existent gewesen sind, lassen sich komplett rekonstruieren.<br \/><a href=\"https:\/\/www.f3dm.de\/en\/konstruktion\/reverse-engineering\/\" title=\"more \u2026\">more \u2026<\/a><\/div><\/div><div class=\"leistung\"><div class=\"leistung_img\" style=\"background: url() no-repeat center \/ cover;\"><a href=\"https:\/\/www.f3dm.de\/en\/konstruktion\/lehren-und-vorrichtungsbau\/\" title=\"Gauge and mould construction\"><i class=\"icon-arrow\"><\/i><\/a><\/div><div class=\"leistungen_text\"><h3><a href=\"https:\/\/www.f3dm.de\/en\/konstruktion\/lehren-und-vorrichtungsbau\/\" title=\"Gauge and mould construction\">Gauge and mould construction<\/a><\/h3><br \/><a href=\"https:\/\/www.f3dm.de\/en\/konstruktion\/lehren-und-vorrichtungsbau\/\" title=\"more \u2026\">more \u2026<\/a><\/div><\/div><\/div>\n<\/div><\/div>\n\n\n\n<div class=\"wp-block-impuls-additional-containers-impulsbgcontainer  background-image-size-cover has-white-text-color has-text-color has-blue-background-color has-background-color has-background-image\" style=\"background-image:url(https:\/\/www.f3dm.de\/wp-content\/uploads\/2018\/12\/banner.jpg)\"><div class=\"InnerContent\">\n<div class=\"wp-block-columns has-2-columns is-layout-flex wp-container-core-columns-is-layout-9d6595d7 wp-block-columns-is-layout-flex\">\n<div class=\"wp-block-column is-layout-flow wp-block-column-is-layout-flow\">\n<p><img loading=\"lazy\" decoding=\"async\" width=\"500\" height=\"128\" class=\"wp-image-3642\" style=\"width: 500px;\" src=\"https:\/\/www.f3dm.de\/wp-content\/uploads\/2026\/05\/Logo_SCANTECH_weiss-1-scaled.png\" alt=\"\" srcset=\"https:\/\/www.f3dm.de\/wp-content\/uploads\/2026\/05\/Logo_SCANTECH_weiss-1-scaled.png 2560w, https:\/\/www.f3dm.de\/wp-content\/uploads\/2026\/05\/Logo_SCANTECH_weiss-1-300x77.png 300w, https:\/\/www.f3dm.de\/wp-content\/uploads\/2026\/05\/Logo_SCANTECH_weiss-1-1024x263.png 1024w, https:\/\/www.f3dm.de\/wp-content\/uploads\/2026\/05\/Logo_SCANTECH_weiss-1-768x197.png 768w, https:\/\/www.f3dm.de\/wp-content\/uploads\/2026\/05\/Logo_SCANTECH_weiss-1-1536x394.png 1536w, https:\/\/www.f3dm.de\/wp-content\/uploads\/2026\/05\/Logo_SCANTECH_weiss-1-2048x526.png 2048w\" sizes=\"auto, (max-width: 500px) 100vw, 500px\" \/><\/p>\n\n\n\n<p class=\"has-white-color has-text-color has-link-color wp-elements-9e0894130a1a67cb3c0718e782ecc0f8\"><mark style=\"background-color:rgba(0, 0, 0, 0)\" class=\"has-inline-color has-white-color\">Wir sind Ihr Partner f\u00fcr hochwertige 3D-Scan- und Track-Systeme der Marke SCANTECH. Sprechen Sie uns an! <\/mark><\/p>\n\n\n\n<p><br><\/p>\n<\/div>\n\n\n\n<div class=\"wp-block-column is-layout-flow wp-block-column-is-layout-flow\"><\/div>\n<\/div>\n<\/div><\/div>\n\n\n\n<div class=\"wp-block-impuls-additional-containers-impulsbgcontainer  background-image-size-cover has-no-text-color has-light-gray-background-color has-background-color has-background-image\" style=\"background-image:url(https:\/\/www.f3dm.de\/wp-content\/uploads\/2018\/12\/linien_01.png)\"><div class=\"InnerContent\">\n<h2 class=\"wp-block-heading\"><strong>3D-Messtechnik Verkauf<\/strong><\/h2>\n\n\n<div class=\"produkte_wrapper\"><div class=\"produkte_menu\"><div class=\"term-select active\" data-id=\"3\">new<\/div><div class=\"term-select\" data-id=\"8\">used<\/div><div class=\"term-select\" data-id=\"9,3,8\">Alle<\/div><\/div><div class=\"produkte_inner\"><div class=\"produkt\" style=\"background: url(https:\/\/www.f3dm.de\/wp-content\/uploads\/2026\/05\/Rekalibrierung_klein-207x300.png) no-repeat center \/ contain;\"><a href=\"https:\/\/www.f3dm.de\/en\/rekalibrierung-prueflehren-dakks-zertifikat\/\" title=\"DAkkS certificate \/ recalibration\"><div>DAkkS certificate \/ recalibration<\/div>von Kupplungs-Pr\u00fcflehren\nVK-0439\nSt\u00fcckpreis 104,50 \u20ac<\/a><\/div><div class=\"produkt\" style=\"background: url(https:\/\/www.f3dm.de\/wp-content\/uploads\/2022\/12\/dreibein-kleinkopie-e1671201338897-300x300.png) no-repeat center \/ contain;\"><a href=\"https:\/\/www.f3dm.de\/en\/test-gauges-for-pin-couplings\/\" title=\"Test gauges for pin couplings\"><div>Test gauges for pin couplings<\/div>VK-0431-2\nUnit price 302,50 \u20ac<\/a><\/div><div class=\"produkt\" style=\"background: url(https:\/\/www.f3dm.de\/wp-content\/uploads\/2022\/10\/sattel_f3dm_vorne_3051x1812png-1-300x300.png) no-repeat center \/ contain;\"><a href=\"https:\/\/www.f3dm.de\/en\/test-gauges-for-fifth-wheels\/\" title=\"Test gauges for fifth wheels\"><div>Test gauges for fifth wheels<\/div>VK-0430-2 \nunit price 282,00 \u20ac<\/a><\/div><div class=\"produkt\" style=\"background: url(https:\/\/www.f3dm.de\/wp-content\/uploads\/2016\/11\/Taster_3mm-300x300.png) no-repeat center \/ contain;\"><a href=\"https:\/\/www.f3dm.de\/en\/pushbutton-steel-ball\/\" title=\"Steel ball stylus\"><div>Steel ball stylus<\/div>3 mm \nVK-0400\nSingle price 144,00 \u20ac<\/a><\/div><div class=\"produkt\" style=\"background: url(https:\/\/www.f3dm.de\/wp-content\/uploads\/2016\/11\/Taster_6mm-300x300.png) no-repeat center \/ contain;\"><a href=\"https:\/\/www.f3dm.de\/en\/pushbutton-steel-ball-2\/\" title=\"Steel ball stylus\"><div>Steel ball stylus<\/div>6 mm \nVK-0401\nsingle price 149,00 \u20ac<\/a><\/div><div class=\"produkt\" style=\"background: url(https:\/\/www.f3dm.de\/wp-content\/uploads\/2016\/10\/adapter-2-300x300.png) no-repeat center \/ contain;\"><a href=\"https:\/\/www.f3dm.de\/en\/adapter-vk-0402\/\" title=\"Adapter\"><div>Adapter<\/div>VK-0402\r\n\r\nSingle price 42,00 \u20ac<\/a><\/div><div class=\"produkt\" style=\"background: url(https:\/\/www.f3dm.de\/wp-content\/uploads\/2016\/10\/montagering-300x300.png) no-repeat center \/ contain;\"><a href=\"https:\/\/www.f3dm.de\/en\/montagering-3-12-m5\/\" title=\"Mounting Ring\"><div>Mounting Ring<\/div>Mounting Ring 3,5\" \/ Threaded ring for Portable CMMs\nVK-0410\n\nsingle price 95,00 \u20ac<\/a><\/div><div class=\"produkt\" style=\"background: url(https:\/\/www.f3dm.de\/wp-content\/uploads\/2016\/10\/Magnetfuss-300x297.png) no-repeat center \/ contain;\"><a href=\"https:\/\/www.f3dm.de\/en\/magnetfuss\/\" title=\"Magnetic base\"><div>Magnetic base<\/div>magnetic base with 3.5\" mounting ring for measuring arms\nVK-0412-3<\/a><\/div><div class=\"produkt\" style=\"background: url(https:\/\/www.f3dm.de\/wp-content\/uploads\/2016\/10\/rohrverlaengerungen-300x300.png) no-repeat center \/ contain;\"><a href=\"https:\/\/www.f3dm.de\/en\/rohrverlaengerung\/\" title=\"Pipe extension\"><div>Pipe extension<\/div>VK-0407 200 mm 230,00 \u20ac\nVK-0408 400 mm 290,00 \u20ac\nVK-0409 600 mm 350,00 \u20ac<\/a><\/div><div class=\"produkt\" style=\"background: url(https:\/\/www.f3dm.de\/wp-content\/uploads\/2016\/10\/kalibrierkegel-300x300.png) no-repeat center \/ contain;\"><a href=\"https:\/\/www.f3dm.de\/en\/kalibrierkegel-magnetisch\/\" title=\"Calibration cone\"><div>Calibration cone<\/div>VK-0417\r\n\r\nsingle price 78,00 \u20ac<\/a><\/div><div class=\"produkt\" style=\"background: url(https:\/\/www.f3dm.de\/wp-content\/uploads\/2016\/10\/Koffer-300x249.png) no-repeat center \/ contain;\"><a href=\"https:\/\/www.f3dm.de\/en\/tasterverlaengerungs-set\/\" title=\"Stylus extensions\"><div>Stylus extensions<\/div>VK-0406\r\n\r\nsingle price 760,00 \u20ac<\/a><\/div><div class=\"produkt\" style=\"background: url(https:\/\/www.f3dm.de\/wp-content\/uploads\/2017\/02\/netzteil-300x225.png) no-repeat center \/ contain;\"><a href=\"https:\/\/www.f3dm.de\/en\/stabilisiertes-12v-festspannungsnetzteil-fuer-faro-messarme\/\" title=\"12V fixed voltage power supply\"><div>12V fixed voltage power supply<\/div>VK-0418\r\n\r\nsingle price 95,00 \u20ac<\/a><\/div><\/div><\/div>\n\n\n\n<div class=\"wp-block-columns has-2-columns is-layout-flex wp-container-core-columns-is-layout-9d6595d7 wp-block-columns-is-layout-flex\">\n<div class=\"wp-block-column is-layout-flow wp-block-column-is-layout-flow\">\n<p>Hier sehen Sie\neinige Beispiele aus unserem Produktportfolio rund um das Thema Messtechnik.\nWir f\u00fchren neue und gebrauchte Artikel. Bitte sprechen Sie uns an, wenn Sie ein\nbestimmtes Produkt suchen.<\/p>\n<\/div>\n\n\n\n<div class=\"wp-block-column is-layout-flow wp-block-column-is-layout-flow\">\n<p>Konditionen: Preise zzgl. MwSt. und g\u00fcltig bis: 31.12.2026.<br>Lieferbedingungen: EXW (Incoterms 2023).<br>Liefertermin: nach Absprache.<br><br><\/p>\n<\/div>\n<\/div>\n\n\n\n<p><\/p>\n<\/div><\/div>\n\n\n\n<div class=\"wp-block-impuls-additional-containers-impulsbgcontainer  background-image-size-cover has-no-text-color has-light-gray-background-color has-background-color has-background-image\" style=\"background-image:url(https:\/\/www.f3dm.de\/wp-content\/uploads\/2018\/12\/linien_02.png)\"><div class=\"InnerContent\">\n<h2 class=\"wp-block-heading\">News<\/h2>\n\n\n<div class=\"news_wrapper\"><div class=\"new\"><div class=\"new_img\" style=\"background: url(https:\/\/www.f3dm.de\/wp-content\/uploads\/2018\/03\/faro-quantum-arm.png) no-repeat center \/ cover;\"><a href=\"https:\/\/www.f3dm.de\/en\/neue-faro-quantum-arme\/\" title=\"[:de]neue FARO Messarme[:]\"><i class=\"icon-arrow\"><\/i><\/a><\/div><div class=\"new_text\"><h3><a href=\"https:\/\/www.f3dm.de\/en\/neue-faro-quantum-arme\/\" title=\"neue FARO Messarme\">neue FARO Messarme<\/a><\/h3>FARO\u00ae Quantum FaroArm\u00ae\nUm weiterhin beste Ergebnisse zu liefern und noch effizienter arbeiten zu k\u00f6nnen, haben wir unser Equipment um diverse Messarme der neuen Quantum Serie erweitert. <br \/><a href=\"https:\/\/www.f3dm.de\/en\/neue-faro-quantum-arme\/\" title=\"more \u2026\">more \u2026<\/a><\/div><\/div><div class=\"new\"><div class=\"new_img\" style=\"background: url(https:\/\/www.f3dm.de\/wp-content\/uploads\/2018\/02\/ct.jpg) no-repeat center \/ cover;\"><a href=\"https:\/\/www.f3dm.de\/en\/eigenes-ct\/\" title=\"[:de]eigenes CT[:]\"><i class=\"icon-arrow\"><\/i><\/a><\/div><div class=\"new_text\"><h3><a href=\"https:\/\/www.f3dm.de\/en\/eigenes-ct\/\" title=\"eigenes CT\">eigenes CT<\/a><\/h3>Endlich ist es so weit...\r\nzerst\u00f6rungsfreie Pr\u00fcfungen\/Messungen mittels Computertomographie im eigenen Hause.\r\n\r\n<br \/><a href=\"https:\/\/www.f3dm.de\/en\/eigenes-ct\/\" title=\"more \u2026\">more \u2026<\/a><\/div><\/div><div class=\"new\"><div class=\"new_img\" style=\"background: url(https:\/\/www.f3dm.de\/wp-content\/uploads\/2017\/04\/6862.jpg) no-repeat center \/ cover;\"><a href=\"https:\/\/www.f3dm.de\/en\/lehren-und-vorrichtungen\/\" title=\"[:de]Lehrenbau[:]\"><i class=\"icon-arrow\"><\/i><\/a><\/div><div class=\"new_text\"><h3><a href=\"https:\/\/www.f3dm.de\/en\/lehren-und-vorrichtungen\/\" title=\"Lehrenbau\">Lehrenbau<\/a><\/h3>Aufgrund langj\u00e4hriger Erfahrungen und Know-how, entschlossen wir uns vor einiger Zeit, eigene Vorrichtungen anzubieten. Also \u201ealles aus einer Hand\u201c. <br \/><a href=\"https:\/\/www.f3dm.de\/en\/lehren-und-vorrichtungen\/\" title=\"more \u2026\">more \u2026<\/a><\/div><\/div><div class=\"new\"><div class=\"new_img\" style=\"background: url(https:\/\/www.f3dm.de\/wp-content\/uploads\/2017\/02\/www2.png) no-repeat center \/ cover;\"><a href=\"https:\/\/www.f3dm.de\/en\/neuer-internetauftritt\/\" title=\"[:de]neuer Internetauftritt[:en]new web presence[:]\"><i class=\"icon-arrow\"><\/i><\/a><\/div><div class=\"new_text\"><h3><a href=\"https:\/\/www.f3dm.de\/en\/neuer-internetauftritt\/\" title=\"new web presence\">new web presence<\/a><\/h3>In collaboration with the Impuls advertising agency, our website was completely reworked.<br \/><a href=\"https:\/\/www.f3dm.de\/en\/neuer-internetauftritt\/\" title=\"more \u2026\">more \u2026<\/a><\/div><\/div><div class=\"new\"><div class=\"new_img\" style=\"background: url(https:\/\/www.f3dm.de\/wp-content\/uploads\/2017\/01\/crysta.png) no-repeat center \/ cover;\"><a href=\"https:\/\/www.f3dm.de\/en\/neues-kmg\/\" title=\"[:de]neues KMG[:en]new CMM[:]\"><i class=\"icon-arrow\"><\/i><\/a><\/div><div class=\"new_text\"><h3><a href=\"https:\/\/www.f3dm.de\/en\/neues-kmg\/\" title=\"new CMM\">new CMM<\/a><\/h3>Mitutoyo CRYSTA-Apex S9208\r\nPurchase of a new coordinate measuring machine, the Mitutoyo CRYSTA-Apex S9208 (similar to photo) with a theoretical measuring range of 900 x 2000 x 800 mm. <br \/><a href=\"https:\/\/www.f3dm.de\/en\/neues-kmg\/\" title=\"more \u2026\">more \u2026<\/a><\/div><\/div><div class=\"new\"><div class=\"new_img\" style=\"background: url(https:\/\/www.f3dm.de\/wp-content\/uploads\/2016\/10\/edgellp.png) no-repeat center \/ cover;\"><a href=\"https:\/\/www.f3dm.de\/en\/faro-edge-scanarm-hd\/\" title=\"[:de]neuer ScanArm\u00ae[:en]new ScanArm\u00ae[:]\"><i class=\"icon-arrow\"><\/i><\/a><\/div><div class=\"new_text\"><h3><a href=\"https:\/\/www.f3dm.de\/en\/faro-edge-scanarm-hd\/\" title=\"new ScanArm\u00ae\">new ScanArm\u00ae<\/a><\/h3>FARO Edge ScanArm\u00ae HD\r\nIn order to provide even better scan results and to work even more efficiently, we have expanded our equipment with the new FARO Edge ScanArm\u00ae HD.<br \/><a href=\"https:\/\/www.f3dm.de\/en\/faro-edge-scanarm-hd\/\" title=\"more \u2026\">more \u2026<\/a><\/div><\/div><div class=\"new\"><div class=\"new_img\" style=\"background: url(https:\/\/www.f3dm.de\/wp-content\/uploads\/2014\/03\/sp25m.png) no-repeat center \/ cover;\"><a href=\"https:\/\/www.f3dm.de\/en\/upgrade-kmg\/\" title=\"[:de]Upgrade KMG[:en]Upgrade CMM[:]\"><i class=\"icon-arrow\"><\/i><\/a><\/div><div class=\"new_text\"><h3><a href=\"https:\/\/www.f3dm.de\/en\/upgrade-kmg\/\" title=\"Upgrade CMM\">Upgrade CMM<\/a><\/h3>We have carried out a major upgrade of the entire Mitutoyo CMM. In this process, the software was brought up to date, renewed some controls and upgraded in part to SP25M scan head.<br \/><a href=\"https:\/\/www.f3dm.de\/en\/upgrade-kmg\/\" title=\"more \u2026\">more \u2026<\/a><\/div><\/div><div class=\"new\"><div class=\"new_img\" style=\"background: url(https:\/\/www.f3dm.de\/wp-content\/uploads\/2014\/01\/klima.jpg) no-repeat center \/ cover;\"><a href=\"https:\/\/www.f3dm.de\/en\/newsletter-erschienen-5\/\" title=\"[:de]Newsletter erschienen[:en]Newsletter published[:]\"><i class=\"icon-arrow\"><\/i><\/a><\/div><div class=\"new_text\"><h3><a href=\"https:\/\/www.f3dm.de\/en\/newsletter-erschienen-5\/\" title=\"Newsletter published\">Newsletter published<\/a><\/h3>NEU: Klimatests\nDie Umweltsimulation stellt Einfl\u00fcsse der Umwelt auf technische Produkte oder Materialien nach, mit denen ein Produkt im realen Leben konfrontiert werden kann.\n\n<br \/><a href=\"https:\/\/www.f3dm.de\/en\/newsletter-erschienen-5\/\" title=\"more \u2026\">more \u2026<\/a><\/div><\/div><div class=\"new\"><div class=\"new_img\" style=\"background: url(https:\/\/www.f3dm.de\/wp-content\/uploads\/2011\/04\/hase.png) no-repeat center \/ cover;\"><a href=\"https:\/\/www.f3dm.de\/en\/oster-special\/\" title=\"[:de]Oster-Special[:en]Easter-Special[:]\"><i class=\"icon-arrow\"><\/i><\/a><\/div><div class=\"new_text\"><h3><a href=\"https:\/\/www.f3dm.de\/en\/oster-special\/\" title=\"Easter-Special\">Easter-Special<\/a><\/h3>3 mm Stahlkugel-Taster\nmit Vakuumverl\u00f6teter Kugel\n\nf\u00fcr nur 100,00 \u20ac*\n\n<br \/><a href=\"https:\/\/www.f3dm.de\/en\/oster-special\/\" title=\"more \u2026\">more \u2026<\/a><\/div><\/div><\/div>\n<\/div><\/div>\n","protected":false},"excerpt":{"rendered":"<p>Ihr kompetenter Partner f\u00fcr 3D-Messtechnik Schon seit 1995 bietet Ihnen FISCHER zuverl\u00e4ssige 3D-Geometriemessungen mit taktiler und\/oder optischer Abtastung, egal ob station\u00e4r oder mobil. Durch Einsatz der neuesten Messsysteme und hochqualifizierter Mitarbeiter gew\u00e4hrleisten wir 3D-Messtechnik auf h\u00f6chstem Niveau. Sie sind sich nicht sicher, ob Ihr Projekt realisierbar ist oder welchen Nutzen Sie davon haben? Rufen Sie [&hellip;]<\/p>\n","protected":false},"author":1,"featured_media":0,"parent":0,"menu_order":10,"comment_status":"closed","ping_status":"closed","template":"","meta":{"footnotes":""},"class_list":["post-5","page","type-page","status-publish","hentry"],"_links":{"self":[{"href":"https:\/\/www.f3dm.de\/en\/wp-json\/wp\/v2\/pages\/5","targetHints":{"allow":["GET"]}}],"collection":[{"href":"https:\/\/www.f3dm.de\/en\/wp-json\/wp\/v2\/pages"}],"about":[{"href":"https:\/\/www.f3dm.de\/en\/wp-json\/wp\/v2\/types\/page"}],"author":[{"embeddable":true,"href":"https:\/\/www.f3dm.de\/en\/wp-json\/wp\/v2\/users\/1"}],"replies":[{"embeddable":true,"href":"https:\/\/www.f3dm.de\/en\/wp-json\/wp\/v2\/comments?post=5"}],"version-history":[{"count":129,"href":"https:\/\/www.f3dm.de\/en\/wp-json\/wp\/v2\/pages\/5\/revisions"}],"predecessor-version":[{"id":3686,"href":"https:\/\/www.f3dm.de\/en\/wp-json\/wp\/v2\/pages\/5\/revisions\/3686"}],"wp:attachment":[{"href":"https:\/\/www.f3dm.de\/en\/wp-json\/wp\/v2\/media?parent=5"}],"curies":[{"name":"wp","href":"https:\/\/api.w.org\/{rel}","templated":true}]}}