{"id":11,"date":"2014-09-24T16:09:14","date_gmt":"2014-09-24T14:09:14","guid":{"rendered":"https:\/\/www.f3dm.de\/?page_id=11"},"modified":"2026-05-01T16:43:45","modified_gmt":"2026-05-01T14:43:45","slug":"unternehmen","status":"publish","type":"page","link":"https:\/\/www.f3dm.de\/en\/unternehmen\/","title":{"rendered":"Unternehmen"},"content":{"rendered":"\n<div class=\"wp-block-impuls-additional-containers-impulsbgcontainer  has-no-text-color has-light-gray-background-color has-background-color has-background-image\" style=\"background-image:url(https:\/\/www.f3dm.de\/wp-content\/uploads\/2018\/12\/linien_01.png)\"><div class=\"InnerContent\">\n<div class=\"wp-block-columns has-2-columns is-layout-flex wp-container-core-columns-is-layout-9d6595d7 wp-block-columns-is-layout-flex\">\n<div class=\"wp-block-column is-layout-flow wp-block-column-is-layout-flow\">\n<h2 class=\"wp-block-heading\">Unternehmen<\/h2>\n\n\n\n<p>Die Fischer 3D-Messtechnik hat sich seit \u00fcber 30 Jahren auf station\u00e4re und mobile 3D-Messungen mit taktiler, computertomographischer und optischer Abtastung spezialisiert und geh\u00f6rt heute f\u00fcr Unternehmen aus den Bereichen Medizin- und Elektrotechnik, Aeronautik, Automotive sowie dem Maschinen- und Anlagenbau zu den f\u00fchrenden Dienstleistern in diesem Segment.<\/p>\n<\/div>\n\n\n\n<div class=\"wp-block-column is-layout-flow wp-block-column-is-layout-flow\">\n<figure class=\"wp-block-image\"><img loading=\"lazy\" decoding=\"async\" width=\"960\" height=\"550\" src=\"https:\/\/www.f3dm.de\/wp-content\/uploads\/2018\/12\/faro-product-design-vertical-11.jpg\" alt=\"\" class=\"wp-image-1737\" srcset=\"https:\/\/www.f3dm.de\/wp-content\/uploads\/2018\/12\/faro-product-design-vertical-11.jpg 960w, https:\/\/www.f3dm.de\/wp-content\/uploads\/2018\/12\/faro-product-design-vertical-11-300x172.jpg 300w, https:\/\/www.f3dm.de\/wp-content\/uploads\/2018\/12\/faro-product-design-vertical-11-768x440.jpg 768w\" sizes=\"auto, (max-width: 960px) 100vw, 960px\" \/><\/figure>\n<\/div>\n<\/div>\n\n\n\n<p><\/p>\n<\/div><\/div>\n\n\n\n<div class=\"wp-block-impuls-additional-containers-impulsbgcontainer  has-no-text-color has-light-gray-background-color has-background-color has-background-image\" style=\"background-image:url(https:\/\/www.f3dm.de\/wp-content\/uploads\/2018\/12\/linien_01.png)\"><div class=\"InnerContent\">\n<div class=\"wp-block-columns has-2-columns is-layout-flex wp-container-core-columns-is-layout-9d6595d7 wp-block-columns-is-layout-flex\">\n<div class=\"wp-block-column is-layout-flow wp-block-column-is-layout-flow\">\n<figure class=\"wp-block-image\"><img loading=\"lazy\" decoding=\"async\" width=\"1000\" height=\"750\" src=\"https:\/\/www.f3dm.de\/wp-content\/uploads\/2022\/11\/LaserTracker2.jpg\" alt=\"LaserTracker\" class=\"wp-image-2421\" srcset=\"https:\/\/www.f3dm.de\/wp-content\/uploads\/2022\/11\/LaserTracker2.jpg 1000w, https:\/\/www.f3dm.de\/wp-content\/uploads\/2022\/11\/LaserTracker2-300x225.jpg 300w, https:\/\/www.f3dm.de\/wp-content\/uploads\/2022\/11\/LaserTracker2-768x576.jpg 768w\" sizes=\"auto, (max-width: 1000px) 100vw, 1000px\" \/><\/figure>\n<\/div>\n\n\n\n<div class=\"wp-block-column is-layout-flow wp-block-column-is-layout-flow\">\n<p>Als einer von nur 2 Dienstleistern in Deutschland verf\u00fcgen wir mit dem Werth TomoScope L300 \u00fcber den pr\u00e4zisesten industriellen Hochleistungs-Computertomografen der Welt.<\/p>\n\n\n\n<p>Zudem stattet Fischer 3D-Messtechnik viele namhafte Unternehmen und Pr\u00fcfstellen hoheitlicher \u00dcberwachungsorgane mit speziellen Pr\u00fcflehren und Messmittelzubeh\u00f6r aus.<\/p>\n<\/div>\n<\/div>\n<\/div><\/div>\n","protected":false},"excerpt":{"rendered":"","protected":false},"author":1,"featured_media":0,"parent":0,"menu_order":20,"comment_status":"closed","ping_status":"closed","template":"","meta":{"footnotes":""},"class_list":["post-11","page","type-page","status-publish","hentry"],"_links":{"self":[{"href":"https:\/\/www.f3dm.de\/en\/wp-json\/wp\/v2\/pages\/11","targetHints":{"allow":["GET"]}}],"collection":[{"href":"https:\/\/www.f3dm.de\/en\/wp-json\/wp\/v2\/pages"}],"about":[{"href":"https:\/\/www.f3dm.de\/en\/wp-json\/wp\/v2\/types\/page"}],"author":[{"embeddable":true,"href":"https:\/\/www.f3dm.de\/en\/wp-json\/wp\/v2\/users\/1"}],"replies":[{"embeddable":true,"href":"https:\/\/www.f3dm.de\/en\/wp-json\/wp\/v2\/comments?post=11"}],"version-history":[{"count":62,"href":"https:\/\/www.f3dm.de\/en\/wp-json\/wp\/v2\/pages\/11\/revisions"}],"predecessor-version":[{"id":3616,"href":"https:\/\/www.f3dm.de\/en\/wp-json\/wp\/v2\/pages\/11\/revisions\/3616"}],"wp:attachment":[{"href":"https:\/\/www.f3dm.de\/en\/wp-json\/wp\/v2\/media?parent=11"}],"curies":[{"name":"wp","href":"https:\/\/api.w.org\/{rel}","templated":true}]}}